{"id":2127,"date":"2025-09-05T16:26:03","date_gmt":"2025-09-05T15:26:03","guid":{"rendered":"https:\/\/elcamino.pt\/politica-de-privacidad\/"},"modified":"2025-10-29T11:16:16","modified_gmt":"2025-10-29T10:16:16","slug":"politica-de-privacidad","status":"publish","type":"page","link":"https:\/\/elcamino.pt\/es\/politica-de-privacidad\/","title":{"rendered":"Pol\u00edtica de privacidad"},"content":{"rendered":"\n<h2 class=\"wp-block-heading\">Qui\u00e9nes somos<\/h2>\n\n<p>Labirinto R\u00fastico Lda, NIF 516651331, con domicilio social en Avenida da Europa 14 Loja 1 Vila Real, 5000-557 en lo sucesivo denominado El Caminho<\/p>\n\n<p>La direcci\u00f3n de nuestro sitio web es: https:\/\/elcamino.pt\/<\/p>\n\n<p>Puedes ponerte en contacto con nosotros utilizando los datos de contacto:<\/p>\n\n<p>Correo electr\u00f3nico: geral@elcamino.pt<\/p>\n\n<p>Tel\u00e9fono: +351 922 267 896<\/p>\n\n<p>Nos comprometemos a proteger tus datos personales. Con este fin, hemos elaborado esta Pol\u00edtica, que respalda nuestro compromiso de respetar las normas sobre protecci\u00f3n de datos personales. Adem\u00e1s, hemos adoptado las medidas adecuadas para garantizar la integridad y confidencialidad de tus datos, as\u00ed como todos los dem\u00e1s derechos que te asisten.  <\/p>\n\n<h2 class=\"wp-block-heading\">Qu\u00e9 datos personales se recogen y c\u00f3mo se recogen<\/h2>\n\n<p><strong>Correos electr\u00f3nicos<\/strong><\/p>\n\n<p>Cuando te pones en contacto con nosotros por correo electr\u00f3nico, recogemos tu direcci\u00f3n de correo electr\u00f3nico y tu nombre para que podamos responder directamente a tu comunicaci\u00f3n.<\/p>\n\n<p>Estos datos se almacenan durante 1 mes con fines de asistencia al cliente en relaci\u00f3n con pedidos o problemas t\u00e9cnicos derivados del uso del sitio web.<\/p>\n\n<p><strong>Tel\u00e9fono de contacto<\/strong><\/p>\n\n<p>Cuando te pongas en contacto con nosotros por tel\u00e9fono, podemos recoger tu n\u00famero de tel\u00e9fono por si necesitamos volver a ponernos en contacto contigo como parte de la informaci\u00f3n o los servicios a prestar.<\/p>\n\n<p>Si realizas un pedido a trav\u00e9s de nuestros contactos telef\u00f3nicos, podemos pedirte la siguiente informaci\u00f3n: nombre completo, direcci\u00f3n, n\u00famero de IVA, direcci\u00f3n de correo electr\u00f3nico y n\u00famero de tel\u00e9fono.<\/p>\n\n<p>Los datos recogidos s\u00f3lo se utilizan para despachar pedidos y solicitar informaci\u00f3n adicional y\/o proporcionar aclaraciones al respecto.<\/p>\n\n<h2 class=\"wp-block-heading\">Contenido incrustado de otros sitios<\/h2>\n\n<p>Los art\u00edculos de este sitio pueden incluir contenido incrustado (por ejemplo, v\u00eddeos, im\u00e1genes, art\u00edculos, etc.). El contenido incrustado de otros sitios se comporta como si el usuario estuviera visitando esos sitios. <\/p>\n\n<p>Estos sitios pueden recopilar datos sobre ti, utilizar cookies, incorporar seguimiento de terceros, controlar tus interacciones con \u00e9l, incluido el registro de interacciones con contenido incrustado si tienes una cuenta y est\u00e1s conectado a ese sitio.<\/p>\n\n<p><strong>Enlaces a otros sitios<\/strong><\/p>\n\n<p>Nuestro sitio web, en www.elcamino.pt, puede incluir enlaces a otros sitios web que no est\u00e1n relacionados con El Camino. La provisi\u00f3n de dichos enlaces se realiza de buena fe, y El Camino no se hace responsable de la recogida y tratamiento de datos personales que se lleven a cabo a trav\u00e9s de estos sitios web, ni puede asumir responsabilidad alguna en relaci\u00f3n con dichos sitios web, en particular en lo que se refiere a la exactitud, credibilidad y funcionalidades puestas a disposici\u00f3n en ellos. <\/p>\n\n<h2 class=\"wp-block-heading\">C\u00f3mo se procesan tus datos<\/h2>\n\n<p>El tratamiento de datos personales consiste en una operaci\u00f3n o conjunto de operaciones efectuadas sobre datos personales o sobre conjuntos de datos personales, por medios automatizados o no, a saber, la recogida, registro, organizaci\u00f3n, estructuraci\u00f3n, conservaci\u00f3n, adaptaci\u00f3n, extracci\u00f3n, consulta, utilizaci\u00f3n, comunicaci\u00f3n, difusi\u00f3n, comparaci\u00f3n, interconexi\u00f3n, limitaci\u00f3n, supresi\u00f3n o destrucci\u00f3n.<\/p>\n\n<p>El Camino se compromete a garantizar en todo caso el estricto cumplimiento de la legislaci\u00f3n en materia de protecci\u00f3n de datos de car\u00e1cter personal, los cuales se almacenar\u00e1n en bases de datos espec\u00edficas creadas al efecto y, en ning\u00fan caso, los datos recogidos ser\u00e1n utilizados para una finalidad distinta de aquella para la que hubiesen sido recabados o se hubiese obtenido el consentimiento del interesado.<\/p>\n\n<p><strong>Con qui\u00e9n se comparten tus datos<\/strong><\/p>\n\n<p>Autoridades competentes: revelamos informaci\u00f3n personal a las fuerzas de seguridad y otras autoridades gubernamentales en la medida en que lo exija la ley o sea estrictamente necesario para la prevenci\u00f3n, detecci\u00f3n o persecuci\u00f3n de actos delictivos y fraudes.<\/p>\n\n<p><strong>Cu\u00e1nto tiempo se conservan tus datos<\/strong><\/p>\n\n<p>Conservamos tus datos durante el tiempo necesario para la correcta prestaci\u00f3n de informaci\u00f3n o servicios.<\/p>\n\n<h2 class=\"wp-block-heading\">Qu\u00e9 derechos tienes sobre tus datos<\/h2>\n\n<p><strong>Derecho de acceso<\/strong><\/p>\n\n<p>Tienes derecho a confirmar que se est\u00e1n tratando tus datos personales y, en su caso, a obtener una copia de esos datos e informaci\u00f3n completa sobre el tratamiento.<\/p>\n\n<p><strong>Derecho de rectificaci\u00f3n<\/strong><\/p>\n\n<p>Tiene derecho a corregir errores, modificar datos que puedan ser inexactos o incompletos y garantizar que la informaci\u00f3n procesada sea correcta.<\/p>\n\n<p><strong>Derecho de supresi\u00f3n<\/strong><\/p>\n\n<p>Tienes derecho a que se supriman tus datos sin demora indebida si el tratamiento es il\u00edcito o si la finalidad del tratamiento o de la recogida ya no es aplicable.<\/p>\n\n<p><strong>Derecho de restricci\u00f3n<\/strong><\/p>\n\n<p>Tienes derecho a solicitar la suspensi\u00f3n del tratamiento si \u00e9ste es ilegal o inadecuado.<\/p>\n\n<p><strong>Derecho de oposici\u00f3n<\/strong><\/p>\n\n<p>Tienes derecho a oponerte al tratamiento de tus datos si la finalidad del tratamiento es el marketing directo o si el tratamiento debe cesar por motivos relacionados con tu situaci\u00f3n personal, a menos que podamos demostrar motivos leg\u00edtimos imperiosos para continuar su tratamiento o si el tratamiento es necesario para hacer cumplir o defender reclamaciones legales.<\/p>\n\n<p><strong>Derecho a no ser objeto de decisiones individuales automatizadas<\/strong><\/p>\n\n<p>Tienes derecho a no ser objeto de una decisi\u00f3n basada \u00fanicamente en un tratamiento automatizado, incluida la elaboraci\u00f3n de perfiles, que produzca efectos jur\u00eddicos sobre ti o te afecte, excepto cuando sea necesario para la ejecuci\u00f3n de un contrato, est\u00e9 permitido por la ley o se base en tu consentimiento expl\u00edcito.<\/p>\n\n<p>Estos derechos no incluyen los datos personales que deban conservarse con fines administrativos, legales o de seguridad.<\/p>\n\n<h2 class=\"wp-block-heading\">D\u00f3nde se env\u00edan tus datos<\/h2>\n\n<p>El Camino podr\u00e1 comunicar tus datos para el cumplimiento de obligaciones legales, en concreto a organismos policiales, judiciales, fiscales y reguladores.<\/p>\n\n<h2 class=\"wp-block-heading\">Seguridad<\/h2>\n\n<p>El Camino se compromete a garantizar la protecci\u00f3n de la seguridad de los datos personales puestos a su disposici\u00f3n, y ha aprobado e implantado normas estrictas al respecto. El cumplimiento de estas normas es una obligaci\u00f3n de todos aquellos que accedan legalmente a ellos. <\/p>\n\n<p>Teniendo en cuenta la preocupaci\u00f3n y el compromiso de El Camino con la protecci\u00f3n de los datos de car\u00e1cter personal, se han adoptado medidas de seguridad de \u00edndole t\u00e9cnica y organizativa para la protecci\u00f3n de los datos de car\u00e1cter personal puestos a su disposici\u00f3n, contra la revelaci\u00f3n, p\u00e9rdida, mal uso, alteraci\u00f3n, tratamiento o acceso no autorizado, as\u00ed como contra cualquier otra forma de tratamiento il\u00edcito.<\/p>\n\n<p>El acceso a la informaci\u00f3n personal de los Clientes est\u00e1 limitado a los empleados que tienen una necesidad leg\u00edtima de entrar en contacto con esa informaci\u00f3n para prestar servicios al Cliente en cumplimiento de sus obligaciones.<\/p>\n\n<p>Asimismo, los terceros que, en el marco de la prestaci\u00f3n de servicios, traten datos de car\u00e1cter personal de los Clientes en nombre y por cuenta de El Camino, se obligan, por escrito, a implementar las medidas t\u00e9cnicas y de seguridad adecuadas que, en todo momento, cumplan los requisitos exigidos por la legislaci\u00f3n vigente y garanticen la defensa de los derechos del interesado (en particular, la protecci\u00f3n de la intimidad y de los datos personales de los Clientes).<\/p>\n\n<p>Por ello, cualquier entidad subcontratada por El Camino tratar\u00e1 los datos de car\u00e1cter personal de nuestros Clientes en nombre y por cuenta de El Camino y adoptando las medidas t\u00e9cnicas y organizativas necesarias para la protecci\u00f3n de los datos de car\u00e1cter personal contra la destrucci\u00f3n accidental o il\u00edcita, la p\u00e9rdida accidental, la alteraci\u00f3n, la difusi\u00f3n o el acceso no autorizado y contra cualquier otra forma de tratamiento il\u00edcito. En cualquier caso, El Camino sigue siendo responsable de los datos personales puestos a su disposici\u00f3n. <\/p>\n\n<p>No obstante las medidas de seguridad adoptadas por El Camino, queremos advertir a todas las personas que navegan por Internet que deben adoptar medidas de seguridad adicionales, a saber, asegurarse de que utilizan un PC y un Navegador actualizados en cuanto a parches de seguridad, correctamente configurados, con un cortafuegos activo, antivirus y antiesp\u00eda, y que comprueban la autenticidad de los sitios que visitan en Internet, evitando los sitios web en cuya reputaci\u00f3n no conf\u00edan.<\/p>\n\n<p><strong>C\u00f3mo reclamar<\/strong><\/p>\n\n<p>Sin perjuicio de poder presentar reclamaciones directamente ante El Camino, utilizando los datos de contacto facilitados al efecto, puedes reclamar directamente ante la Autoridad de Control, que es la Comisi\u00f3n Nacional de Protecci\u00f3n de Datos (CNPD), utilizando los datos de contacto facilitados por este organismo al efecto.<\/p>\n\n<p><strong>Cambios futuros en esta Pol\u00edtica de Privacidad<\/strong><\/p>\n\n<p>En el futuro, puede ser necesario actualizar o revisar esta Pol\u00edtica de Privacidad. El Camino se reserva el derecho a hacerlo en cualquier momento y sin previo aviso, publicando la versi\u00f3n revisada en www.elcamino.pt. <\/p>\n\n<p>Estos cambios surtir\u00e1n efecto a partir del d\u00eda de su publicaci\u00f3n y s\u00f3lo sobre la informaci\u00f3n personal recopilada tras la publicaci\u00f3n de la versi\u00f3n revisada.<\/p>\n","protected":false},"excerpt":{"rendered":"<p>Qui\u00e9nes somos Labirinto R\u00fastico Lda, NIF 516651331, con domicilio social en Avenida da Europa 14 Loja 1 Vila Real, 5000-557 en lo sucesivo denominado El Caminho La direcci\u00f3n de nuestro sitio web es: https:\/\/elcamino.pt\/ Puedes ponerte en contacto con nosotros utilizando los datos de contacto: Correo electr\u00f3nico: geral@elcamino.pt Tel\u00e9fono: +351 922 267 896 Nos comprometemos [&hellip;]<\/p>\n","protected":false},"author":1,"featured_media":0,"parent":0,"menu_order":0,"comment_status":"closed","ping_status":"open","template":"","meta":{"_acf_changed":false,"footnotes":""},"class_list":["post-2127","page","type-page","status-publish","hentry"],"acf":[],"_links":{"self":[{"href":"https:\/\/elcamino.pt\/es\/wp-json\/wp\/v2\/pages\/2127","targetHints":{"allow":["GET"]}}],"collection":[{"href":"https:\/\/elcamino.pt\/es\/wp-json\/wp\/v2\/pages"}],"about":[{"href":"https:\/\/elcamino.pt\/es\/wp-json\/wp\/v2\/types\/page"}],"author":[{"embeddable":true,"href":"https:\/\/elcamino.pt\/es\/wp-json\/wp\/v2\/users\/1"}],"replies":[{"embeddable":true,"href":"https:\/\/elcamino.pt\/es\/wp-json\/wp\/v2\/comments?post=2127"}],"version-history":[{"count":1,"href":"https:\/\/elcamino.pt\/es\/wp-json\/wp\/v2\/pages\/2127\/revisions"}],"predecessor-version":[{"id":2130,"href":"https:\/\/elcamino.pt\/es\/wp-json\/wp\/v2\/pages\/2127\/revisions\/2130"}],"wp:attachment":[{"href":"https:\/\/elcamino.pt\/es\/wp-json\/wp\/v2\/media?parent=2127"}],"curies":[{"name":"wp","href":"https:\/\/api.w.org\/{rel}","templated":true}]}}