{"id":2132,"date":"2025-09-09T13:46:27","date_gmt":"2025-09-09T12:46:27","guid":{"rendered":"https:\/\/elcamino.pt\/menu\/"},"modified":"2025-12-24T09:34:32","modified_gmt":"2025-12-24T08:34:32","slug":"menu","status":"publish","type":"page","link":"https:\/\/elcamino.pt\/es\/menu\/","title":{"rendered":"Men\u00fa"},"content":{"rendered":"\t\t<div data-elementor-type=\"wp-page\" data-elementor-id=\"2132\" class=\"elementor elementor-2132 elementor-217\" data-elementor-post-type=\"page\">\n\t\t\t\t<div class=\"elementor-element elementor-element-7689fb8 section e-flex e-con-boxed e-con e-parent\" data-id=\"7689fb8\" data-element_type=\"container\" data-e-type=\"container\">\n\t\t\t\t\t<div class=\"e-con-inner\">\n\t\t\t\t<div class=\"elementor-element elementor-element-d88d2ce elementor-widget elementor-widget-shortcode\" data-id=\"d88d2ce\" data-element_type=\"widget\" data-e-type=\"widget\" data-widget_type=\"shortcode.default\">\n\t\t\t\t\t\t\t<div class=\"elementor-shortcode\"><nav aria-label=\"breadcrumbs\" class=\"rank-math-breadcrumb\"><p><span class=\"last\">Home<\/span><\/p><\/nav><\/div>\n\t\t\t\t\t\t<\/div>\n\t\t<div class=\"elementor-element elementor-element-c9b101b e-con-full e-flex e-con e-child\" data-id=\"c9b101b\" data-element_type=\"container\" data-e-type=\"container\">\n\t\t\t\t<div class=\"elementor-element elementor-element-5f6aac6 elementor-widget elementor-widget-heading\" data-id=\"5f6aac6\" data-element_type=\"widget\" data-e-type=\"widget\" data-widget_type=\"heading.default\">\n\t\t\t\t\t<h1 class=\"elementor-heading-title elementor-size-default\">Elige un men\u00fa<\/h1>\t\t\t\t<\/div>\n\t\t\t\t<div class=\"elementor-element elementor-element-1f2191a elementor-widget elementor-widget-text-editor\" data-id=\"1f2191a\" data-element_type=\"widget\" data-e-type=\"widget\" data-widget_type=\"text-editor.default\">\n\t\t\t\t\t\t\t\t\t<p>Tenemos tres opciones de men\u00fa para vivir una experiencia culinaria mexicana \u00fanica.<\/p>\t\t\t\t\t\t\t\t<\/div>\n\t\t\t\t<\/div>\n\t\t<div class=\"elementor-element elementor-element-982da33 e-con-full e-flex e-con e-child\" data-id=\"982da33\" data-element_type=\"container\" data-e-type=\"container\">\n\t\t\t\t<div class=\"elementor-element elementor-element-bbc9686 elementor-position-top elementor-widget elementor-widget-image-box\" data-id=\"bbc9686\" data-element_type=\"widget\" data-e-type=\"widget\" data-widget_type=\"image-box.default\">\n\t\t\t\t\t<div class=\"elementor-image-box-wrapper\"><figure class=\"elementor-image-box-img\"><a href=\"https:\/\/elcamino.pt\/es\/menu-a-la-carta\/\" tabindex=\"-1\"><img fetchpriority=\"high\" decoding=\"async\" width=\"600\" height=\"600\" src=\"https:\/\/elcamino.pt\/wp-content\/uploads\/2025\/09\/menu_carte.png\" class=\"elementor-animation-grow-rotate attachment-full size-full wp-image-1909\" alt=\"\" srcset=\"https:\/\/elcamino.pt\/wp-content\/uploads\/2025\/09\/menu_carte.png 600w, https:\/\/elcamino.pt\/wp-content\/uploads\/2025\/09\/menu_carte-300x300.png 300w, https:\/\/elcamino.pt\/wp-content\/uploads\/2025\/09\/menu_carte-150x150.png 150w\" sizes=\"(max-width: 600px) 100vw, 600px\" \/><\/a><\/figure><div class=\"elementor-image-box-content\"><h3 class=\"elementor-image-box-title\"><a href=\"https:\/\/elcamino.pt\/es\/menu-a-la-carta\/\">Men\u00fa a la carta<\/a><\/h3><p class=\"elementor-image-box-description\">Disponible todos los d\u00edas<\/p><\/div><\/div>\t\t\t\t<\/div>\n\t\t\t\t<div class=\"elementor-element elementor-element-0b57150 elementor-position-top elementor-widget elementor-widget-image-box\" data-id=\"0b57150\" data-element_type=\"widget\" data-e-type=\"widget\" data-widget_type=\"image-box.default\">\n\t\t\t\t\t<div class=\"elementor-image-box-wrapper\"><figure class=\"elementor-image-box-img\"><a href=\"https:\/\/elcamino.pt\/es\/menu-mexfest\/\" tabindex=\"-1\"><img decoding=\"async\" width=\"600\" height=\"600\" src=\"https:\/\/elcamino.pt\/wp-content\/uploads\/2025\/09\/menu_mexfest.png\" class=\"elementor-animation-grow-rotate attachment-full size-full wp-image-1910\" alt=\"\" srcset=\"https:\/\/elcamino.pt\/wp-content\/uploads\/2025\/09\/menu_mexfest.png 600w, https:\/\/elcamino.pt\/wp-content\/uploads\/2025\/09\/menu_mexfest-300x300.png 300w, https:\/\/elcamino.pt\/wp-content\/uploads\/2025\/09\/menu_mexfest-150x150.png 150w\" sizes=\"(max-width: 600px) 100vw, 600px\" \/><\/a><\/figure><div class=\"elementor-image-box-content\"><h3 class=\"elementor-image-box-title\"><a href=\"https:\/\/elcamino.pt\/es\/menu-mexfest\/\">Men\u00fa Rodizio Mexicano<\/a><\/h3><p class=\"elementor-image-box-description\">Disponible los viernes<\/p><\/div><\/div>\t\t\t\t<\/div>\n\t\t\t\t<div class=\"elementor-element elementor-element-1568b39 elementor-position-top elementor-widget elementor-widget-image-box\" data-id=\"1568b39\" data-element_type=\"widget\" data-e-type=\"widget\" data-widget_type=\"image-box.default\">\n\t\t\t\t\t<div class=\"elementor-image-box-wrapper\"><figure class=\"elementor-image-box-img\"><a href=\"https:\/\/elcamino.pt\/es\/menu-todo-en\/\" tabindex=\"-1\"><img decoding=\"async\" width=\"600\" height=\"600\" src=\"https:\/\/elcamino.pt\/wp-content\/uploads\/2025\/09\/menu_allin.png\" class=\"elementor-animation-grow-rotate attachment-full size-full wp-image-1911\" alt=\"\" srcset=\"https:\/\/elcamino.pt\/wp-content\/uploads\/2025\/09\/menu_allin.png 600w, https:\/\/elcamino.pt\/wp-content\/uploads\/2025\/09\/menu_allin-300x300.png 300w, https:\/\/elcamino.pt\/wp-content\/uploads\/2025\/09\/menu_allin-150x150.png 150w\" sizes=\"(max-width: 600px) 100vw, 600px\" \/><\/a><\/figure><div class=\"elementor-image-box-content\"><h3 class=\"elementor-image-box-title\"><a href=\"https:\/\/elcamino.pt\/es\/menu-todo-en\/\">Men\u00fa para grupos<\/a><\/h3><p class=\"elementor-image-box-description\">Para grupos de 4 o m\u00e1s personas<\/p><\/div><\/div>\t\t\t\t<\/div>\n\t\t\t\t<div class=\"elementor-element elementor-element-4c8589b elementor-hidden-desktop elementor-hidden-tablet elementor-hidden-mobile elementor-position-top elementor-widget elementor-widget-image-box\" data-id=\"4c8589b\" data-element_type=\"widget\" data-e-type=\"widget\" data-widget_type=\"image-box.default\">\n\t\t\t\t\t<div class=\"elementor-image-box-wrapper\"><figure class=\"elementor-image-box-img\"><a href=\"https:\/\/elcamino.pt\/menu-natal\/\" tabindex=\"-1\"><img loading=\"lazy\" decoding=\"async\" width=\"1237\" height=\"1237\" src=\"https:\/\/elcamino.pt\/wp-content\/uploads\/2025\/11\/menu_natal.png\" class=\"elementor-animation-grow-rotate attachment-full size-full wp-image-2902\" alt=\"\" srcset=\"https:\/\/elcamino.pt\/wp-content\/uploads\/2025\/11\/menu_natal.png 1237w, https:\/\/elcamino.pt\/wp-content\/uploads\/2025\/11\/menu_natal-300x300.png 300w, https:\/\/elcamino.pt\/wp-content\/uploads\/2025\/11\/menu_natal-1024x1024.png 1024w, https:\/\/elcamino.pt\/wp-content\/uploads\/2025\/11\/menu_natal-150x150.png 150w, https:\/\/elcamino.pt\/wp-content\/uploads\/2025\/11\/menu_natal-768x768.png 768w\" sizes=\"(max-width: 1237px) 100vw, 1237px\" \/><\/a><\/figure><div class=\"elementor-image-box-content\"><h3 class=\"elementor-image-box-title\"><a href=\"https:\/\/elcamino.pt\/menu-natal\/\">Men\u00fa de Navidad<\/a><\/h3><p class=\"elementor-image-box-description\">Para grupos de 6 o m\u00e1s personas<\/p><\/div><\/div>\t\t\t\t<\/div>\n\t\t\t\t<\/div>\n\t\t\t\t\t<\/div>\n\t\t\t\t<\/div>\n\t\t\t\t<\/div>\n\t\t","protected":false},"excerpt":{"rendered":"<p>Elige un men\u00fa Tenemos tres opciones de men\u00fa para vivir una experiencia culinaria mexicana \u00fanica. Men\u00fa a la carta Disponible todos los d\u00edas Men\u00fa Rodizio Mexicano Disponible los viernes Men\u00fa para grupos Para grupos de 4 o m\u00e1s personas Men\u00fa de Navidad Para grupos de 6 o m\u00e1s personas<\/p>\n","protected":false},"author":1,"featured_media":2083,"parent":0,"menu_order":0,"comment_status":"closed","ping_status":"open","template":"","meta":{"_acf_changed":false,"footnotes":""},"class_list":["post-2132","page","type-page","status-publish","has-post-thumbnail","hentry"],"acf":[],"_links":{"self":[{"href":"https:\/\/elcamino.pt\/es\/wp-json\/wp\/v2\/pages\/2132","targetHints":{"allow":["GET"]}}],"collection":[{"href":"https:\/\/elcamino.pt\/es\/wp-json\/wp\/v2\/pages"}],"about":[{"href":"https:\/\/elcamino.pt\/es\/wp-json\/wp\/v2\/types\/page"}],"author":[{"embeddable":true,"href":"https:\/\/elcamino.pt\/es\/wp-json\/wp\/v2\/users\/1"}],"replies":[{"embeddable":true,"href":"https:\/\/elcamino.pt\/es\/wp-json\/wp\/v2\/comments?post=2132"}],"version-history":[{"count":5,"href":"https:\/\/elcamino.pt\/es\/wp-json\/wp\/v2\/pages\/2132\/revisions"}],"predecessor-version":[{"id":2942,"href":"https:\/\/elcamino.pt\/es\/wp-json\/wp\/v2\/pages\/2132\/revisions\/2942"}],"wp:featuredmedia":[{"embeddable":true,"href":"https:\/\/elcamino.pt\/es\/wp-json\/wp\/v2\/media\/2083"}],"wp:attachment":[{"href":"https:\/\/elcamino.pt\/es\/wp-json\/wp\/v2\/media?parent=2132"}],"curies":[{"name":"wp","href":"https:\/\/api.w.org\/{rel}","templated":true}]}}